{"id":723,"date":"2021-10-25T11:32:31","date_gmt":"2021-10-25T09:32:31","guid":{"rendered":"https:\/\/sgeol3.cg54.local\/?page_id=723"},"modified":"2022-12-02T10:51:27","modified_gmt":"2022-12-02T09:51:27","slug":"web-appli-opendata","status":"publish","type":"page","link":"https:\/\/infogeo54.fr\/?page_id=723","title":{"rendered":"Tutoriels"},"content":{"rendered":"\n<p class=\"has-text-align-left\"><strong>Tutoriels pour l&rsquo;utilisation des web application<\/strong>. <\/p>\n\n\n\n<div class=\"wp-block-columns\">\n<div class=\"wp-block-column\" style=\"flex-basis:33.33%\">\n<div class=\"wp-block-image\"><figure class=\"alignright size-full is-resized\"><a href=\"https:\/\/infogeo54.fr\/wp-content\/uploads\/2022\/12\/Tutoriel_generaliste_lizmap_opendata.pdf\"><img loading=\"lazy\" src=\"https:\/\/sgeol3.cg54.local\/wp-content\/uploads\/2021\/11\/tutoriel_web_appli_opendata.png\" alt=\"\" class=\"wp-image-1109\" width=\"223\" height=\"297\" srcset=\"https:\/\/infogeo54.fr\/wp-content\/uploads\/2021\/11\/tutoriel_web_appli_opendata.png 279w, https:\/\/infogeo54.fr\/wp-content\/uploads\/2021\/11\/tutoriel_web_appli_opendata-100x133.png 100w\" sizes=\"(max-width: 223px) 100vw, 223px\" \/><\/a><\/figure><\/div>\n<\/div>\n\n\n\n<div class=\"wp-block-column\" style=\"flex-basis:80%\">\n<p><strong>Vous retrouverez les principales fonctionnalit\u00e9s suivantes :<\/strong><\/p>\n\n\n\n<ul id=\"block-b977e941-cde5-4c43-be47-5d4a5732e8ec\"><li><a href=\"https:\/\/test.infogeo54.fr\/wp-content\/uploads\/2021\/11\/Tutoriel_generaliste_lizmap_opendata.pdf#page=4\" data-type=\"URL\" data-id=\"https:\/\/test.infogeo54.fr\/wp-content\/uploads\/2021\/11\/Tutoriel_generaliste_lizmap_opendata.pdf#page=4\" target=\"_blank\" rel=\"noreferrer noopener\">se localiser \u00e0 la commune (zoomer sur la commune),<\/a><\/li><li><a href=\"https:\/\/test.infogeo54.fr\/wp-content\/uploads\/2021\/11\/Tutoriel_generaliste_lizmap_opendata.pdf#page=5\" data-type=\"URL\" target=\"_blank\" rel=\"noreferrer noopener\">interroger les donn\u00e9es d&rsquo;une couche (donn\u00e9es attributaires),<\/a><\/li><li><a href=\"https:\/\/test.infogeo54.fr\/wp-content\/uploads\/2021\/11\/Tutoriel_generaliste_lizmap_opendata.pdf#page=4\" data-type=\"URL\" target=\"_blank\" rel=\"noreferrer noopener\">se g\u00e9olocaliser (via le GPS du smartphone),<\/a><\/li><li><a href=\"https:\/\/test.infogeo54.fr\/?page_id=723\" data-type=\"page\" target=\"_blank\" rel=\"noreferrer noopener\">changer la transparence d&rsquo;une couche ou d&rsquo;un fond de carte,<\/a><\/li><li><a href=\"https:\/\/test.infogeo54.fr\/?page_id=723\" data-type=\"URL\" target=\"_blank\" rel=\"noreferrer noopener\">changer la couleur ou la repr\u00e9sentation d&rsquo;une couche,<\/a><\/li><li><a href=\"https:\/\/test.infogeo54.fr\/wp-content\/uploads\/2021\/11\/Tutoriel_generaliste_lizmap_opendata.pdf#page=6\" data-type=\"URL\" target=\"_blank\" rel=\"noreferrer noopener\">mesurer une longueur ou une surface,<\/a><\/li><li><a href=\"https:\/\/test.infogeo54.fr\/wp-content\/uploads\/2021\/11\/Tutoriel_generaliste_lizmap_opendata.pdf#page=6\" data-type=\"URL\" target=\"_blank\" rel=\"noreferrer noopener\">conserver le zoom et la configuration des couches (coch\u00e9es ou d\u00e9coch\u00e9es) avec les permaliens,<\/a><\/li><li><a href=\"https:\/\/test.infogeo54.fr\/wp-content\/uploads\/2021\/11\/Tutoriel_generaliste_lizmap_opendata.pdf#page=14\" target=\"_blank\" rel=\"noreferrer noopener\">imprimer une carte sur diff\u00e9rents formats (A4 au A0) en image (pdf, jpeg etc&#8230;),<\/a><\/li><\/ul>\n\n\n\n<p><\/p>\n<\/div>\n<\/div>\n\n\n\n<div class=\"wp-block-columns\">\n<div class=\"wp-block-column\" style=\"flex-basis:33.33%\">\n<div class=\"wp-block-image\"><figure class=\"alignright size-large is-resized\"><a href=\"https:\/\/infogeo54.fr\/wp-content\/uploads\/2021\/11\/aide_lizmap_cadastre.pdf\" target=\"_blank\" rel=\"noopener\"><img loading=\"lazy\" src=\"https:\/\/sgeol3.cg54.local\/wp-content\/uploads\/2021\/11\/tutoriel_web_appli_cadastre-1.png\" alt=\"\" class=\"wp-image-1114\" width=\"227\" height=\"302\" srcset=\"https:\/\/infogeo54.fr\/wp-content\/uploads\/2021\/11\/tutoriel_web_appli_cadastre-1.png 279w, https:\/\/infogeo54.fr\/wp-content\/uploads\/2021\/11\/tutoriel_web_appli_cadastre-1-100x133.png 100w\" sizes=\"(max-width: 227px) 100vw, 227px\" \/><\/a><\/figure><\/div>\n<\/div>\n\n\n\n<div class=\"wp-block-column\" style=\"flex-basis:80%\">\n<p><strong>Vous retrouverez les principales fonctionnalit\u00e9s suivantes :<\/strong><\/p>\n\n\n\n<ul id=\"block-b977e941-cde5-4c43-be47-5d4a5732e8ec\"><li><a rel=\"noreferrer noopener\" href=\"https:\/\/infogeo.meurthe-et-moselle.fr\/admin.php\/auth\/login\" target=\"_blank\">se connecter (pour les ayants-droits),<\/a><\/li><li><a href=\"https:\/\/test.infogeo54.fr\/wp-content\/uploads\/2021\/11\/aide_lizmap_cadastre.pdf#page=4\" data-type=\"URL\" target=\"_blank\" rel=\"noreferrer noopener\">se localiser \u00e0 la commune et \u00e0 la section (zoomer sur la section),<\/a><\/li><li><a href=\"https:\/\/test.infogeo54.fr\/wp-content\/uploads\/2021\/11\/Tutoriel_generaliste_lizmap_opendata.pdf#page=5\" data-type=\"URL\" target=\"_blank\" rel=\"noreferrer noopener\">interroger les donn\u00e9es de la couche parcelle (en mode connexion),<\/a><\/li><li><a href=\"https:\/\/test.infogeo54.fr\/wp-content\/uploads\/2021\/11\/Tutoriel_generaliste_lizmap_opendata.pdf#page=4\" data-type=\"URL\" target=\"_blank\" rel=\"noreferrer noopener\">se g\u00e9olocaliser (via le GPS du smartphone),<\/a><\/li><li><a href=\"https:\/\/test.infogeo54.fr\/wp-content\/uploads\/2021\/11\/aide_lizmap_cadastre.pdf#page=10\" data-type=\"URL\" target=\"_blank\" rel=\"noreferrer noopener\">changer la transparence d&rsquo;une couche ou d&rsquo;un fond de carte,<\/a><\/li><li><a href=\"https:\/\/test.infogeo54.fr\/wp-content\/uploads\/2021\/11\/aide_lizmap_cadastre.pdf#page=11\" data-type=\"URL\" target=\"_blank\" rel=\"noreferrer noopener\">mesurer une longueur ou une surface,<\/a><\/li><li><a href=\"https:\/\/test.infogeo54.fr\/wp-content\/uploads\/2021\/11\/aide_lizmap_cadastre.pdf#page=11\" data-type=\"URL\" target=\"_blank\" rel=\"noreferrer noopener\">conserver le zoom et la configuration des couches (coch\u00e9es ou d\u00e9coch\u00e9es) avec les permaliens,<\/a><\/li><li><a href=\"https:\/\/test.infogeo54.fr\/wp-content\/uploads\/2021\/11\/aide_lizmap_cadastre.pdf#page=5\" data-type=\"URL\" target=\"_blank\" rel=\"noreferrer noopener\">imprimer une carte sur diff\u00e9rents formats (A4 au A0) en image (pdf, jpeg etc&#8230;),<\/a><\/li><\/ul>\n\n\n\n<p><\/p>\n<\/div>\n<\/div>\n","protected":false},"excerpt":{"rendered":"<p>Tutoriels pour l&rsquo;utilisation des web application. Vous retrouverez les principales fonctionnalit\u00e9s suivantes : se localiser \u00e0 la commune (zoomer sur<\/p>\n","protected":false},"author":1,"featured_media":0,"parent":0,"menu_order":0,"comment_status":"closed","ping_status":"closed","template":"","meta":{"_vp_format_video_url":"","_vp_image_focal_point":[]},"_links":{"self":[{"href":"https:\/\/infogeo54.fr\/index.php?rest_route=\/wp\/v2\/pages\/723"}],"collection":[{"href":"https:\/\/infogeo54.fr\/index.php?rest_route=\/wp\/v2\/pages"}],"about":[{"href":"https:\/\/infogeo54.fr\/index.php?rest_route=\/wp\/v2\/types\/page"}],"author":[{"embeddable":true,"href":"https:\/\/infogeo54.fr\/index.php?rest_route=\/wp\/v2\/users\/1"}],"replies":[{"embeddable":true,"href":"https:\/\/infogeo54.fr\/index.php?rest_route=%2Fwp%2Fv2%2Fcomments&post=723"}],"version-history":[{"count":46,"href":"https:\/\/infogeo54.fr\/index.php?rest_route=\/wp\/v2\/pages\/723\/revisions"}],"predecessor-version":[{"id":1706,"href":"https:\/\/infogeo54.fr\/index.php?rest_route=\/wp\/v2\/pages\/723\/revisions\/1706"}],"wp:attachment":[{"href":"https:\/\/infogeo54.fr\/index.php?rest_route=%2Fwp%2Fv2%2Fmedia&parent=723"}],"curies":[{"name":"wp","href":"https:\/\/api.w.org\/{rel}","templated":true}]}}