{"id":6,"date":"2020-12-10T11:17:18","date_gmt":"2020-12-10T10:07:50","guid":{"rendered":"https:\/\/localhost\/?page_id=6"},"modified":"2022-11-03T15:09:17","modified_gmt":"2022-11-03T14:09:17","slug":"a-propos-de","status":"publish","type":"page","link":"https:\/\/infogeo54.fr\/?page_id=6","title":{"rendered":"\u00c0 propos"},"content":{"rendered":"\n<p style=\"font-size:40px\"><strong>Infog\u00e9o54.fr est le portail cartographique du D\u00e9partement de Meurthe-et-Moselle.<\/strong><\/p>\n\n\n\n<p>Que vous soyez \u00e9lu, technicien, ou un citoyen souhaitant d\u00e9couvrir la g\u00e9ographie de notre d\u00e9partement. Vous trouvez ici les informations g\u00e9ographiques dont vous avez besoin !<\/p>\n\n\n\n<p class=\"has-medium-font-size\"><strong>Open-data et cartographie participative:<\/strong><\/p>\n\n\n\n<p>Nous mettons en place, cet outil, dans l&rsquo;optique de favoriser l&rsquo;\u00e9change de donn\u00e9es comportant de la g\u00e9ographie, mais aussi, de permettre la participation citoyenne autour de th\u00e8mes partag\u00e9s. (Exemple: localisation des aires de jeux en Meurthe et Moselle <a href=\"https:\/\/infogeo54.fr\" data-type=\"URL\" data-id=\"https:\/\/infogeo54.fr\">Lien<\/a>).<\/p>\n\n\n\n<p class=\"has-medium-font-size\"><strong>La libre r\u00e9utilisation:<\/strong><\/p>\n\n\n\n<div class=\"wp-block-columns\">\n<div class=\"wp-block-column\">\n<p>L&rsquo;ouverture des donn\u00e9es et leur r\u00e9utilisation sans contraintes fait partie de nos objectifs, c&rsquo;est pourquoi les information que vous trouverez sur ce site sont r\u00e9utilisables sous licence dite Licence Ouverte \/ Open Licence. Dans le cadre de la politique du Gouvernement en faveur de l\u2019ouverture des donn\u00e9es publiques.<\/p>\n\n\n\n<p>T\u00e9l\u00e9charger la Licence Ouverte\/Open Licence Version 2.0 au format PDF : <a href=\"https:\/\/www.etalab.gouv.fr\/wp-content\/uploads\/2017\/04\/ETALAB-Licence-Ouverte-v2.0.pdf\">Version fran\u00e7aise<\/a>&nbsp;| <a href=\"https:\/\/www.etalab.gouv.fr\/wp-content\/uploads\/2018\/11\/open-licence.pdf\">Version anglaise<\/a><\/p>\n<\/div>\n\n\n\n<div class=\"wp-block-column\">\n<figure class=\"wp-block-image size-full is-resized\"><img loading=\"lazy\" src=\"https:\/\/infogeo54.fr\/wp-content\/uploads\/2022\/11\/licence-ouverte-open-licence.gif\" alt=\"\" class=\"wp-image-1700\" width=\"338\" height=\"187\"\/><\/figure>\n<\/div>\n<\/div>\n\n\n\n<p class=\"has-medium-font-size\"><strong>\u00c0 long terme:<\/strong><\/p>\n\n\n\n<p>Le d\u00e9partement investit dans la constitution d&rsquo;un r\u00e9f\u00e9rentiel g\u00e9ographique de qualit\u00e9. Afin de r\u00e9aliser des \u00e9conomies d&rsquo;\u00e9chelle et harmoniser les informations produites, c&rsquo;est pourquoi vous trouverez ici certaines donn\u00e9es, comme le cadastre, les donn\u00e9es g\u00e9ographiques produites par nos services relevant de nos comp\u00e9tences.<\/p>\n\n\n\n<p class=\"has-medium-font-size\"><strong>Compl\u00e9mentarit\u00e9:<\/strong><\/p>\n\n\n\n<p class=\"has-normal-font-size\">Infog\u00e9o54.fr et l&rsquo;outil de cartographie du d\u00e9partement mais il est aussi compl\u00e9mentaire aux autres d\u00e9marches d\u2019harmonisation:<\/p>\n\n\n\n<ul><li><a href=\"https:\/\/www.data.gouv.fr\/fr\/\">Data.gouv.fr<\/a> la plateforme ouverte des donn\u00e9es publiques fran\u00e7aises.<\/li><\/ul>\n\n\n\n<figure class=\"wp-block-image size-full\"><img loading=\"lazy\" width=\"300\" height=\"158\" src=\"https:\/\/infogeo54.fr\/wp-content\/uploads\/2022\/11\/Data_gouv.png\" alt=\"\" class=\"wp-image-1688\" srcset=\"https:\/\/infogeo54.fr\/wp-content\/uploads\/2022\/11\/Data_gouv.png 300w, https:\/\/infogeo54.fr\/wp-content\/uploads\/2022\/11\/Data_gouv-100x53.png 100w\" sizes=\"(max-width: 300px) 100vw, 300px\" \/><\/figure>\n\n\n\n<ul><li>Le <a href=\"https:\/\/www.geoportail.gouv.fr\/\">G\u00e9oportail<\/a>, portail national de la connaissance du territoire mis en \u0153uvre par l\u2019IGN.<\/li><\/ul>\n\n\n\n<figure class=\"wp-block-image size-full is-resized\"><img loading=\"lazy\" src=\"https:\/\/infogeo54.fr\/wp-content\/uploads\/2022\/11\/geoportail.jpg\" alt=\"\" class=\"wp-image-1692\" width=\"335\" height=\"209\" srcset=\"https:\/\/infogeo54.fr\/wp-content\/uploads\/2022\/11\/geoportail.jpg 308w, https:\/\/infogeo54.fr\/wp-content\/uploads\/2022\/11\/geoportail-300x187.jpg 300w, https:\/\/infogeo54.fr\/wp-content\/uploads\/2022\/11\/geoportail-100x62.jpg 100w\" sizes=\"(max-width: 335px) 100vw, 335px\" \/><\/figure>\n\n\n\n<ul><li>L&rsquo;infrastructure de donn\u00e9es g\u00e9ographiques de la r\u00e9gion GrandEst, <a href=\"https:\/\/data.grandest.fr\/\">DataGrandEst<\/a>.<\/li><\/ul>\n\n\n\n<figure class=\"wp-block-image size-full is-resized\"><img loading=\"lazy\" src=\"https:\/\/infogeo54.fr\/wp-content\/uploads\/2022\/11\/Data_grand_est.jpg\" alt=\"\" class=\"wp-image-1695\" width=\"283\" height=\"192\" srcset=\"https:\/\/infogeo54.fr\/wp-content\/uploads\/2022\/11\/Data_grand_est.jpg 1000w, https:\/\/infogeo54.fr\/wp-content\/uploads\/2022\/11\/Data_grand_est-300x204.jpg 300w, https:\/\/infogeo54.fr\/wp-content\/uploads\/2022\/11\/Data_grand_est-768x521.jpg 768w, https:\/\/infogeo54.fr\/wp-content\/uploads\/2022\/11\/Data_grand_est-100x68.jpg 100w, https:\/\/infogeo54.fr\/wp-content\/uploads\/2022\/11\/Data_grand_est-500x340.jpg 500w, https:\/\/infogeo54.fr\/wp-content\/uploads\/2022\/11\/Data_grand_est-700x475.jpg 700w, https:\/\/infogeo54.fr\/wp-content\/uploads\/2022\/11\/Data_grand_est-800x543.jpg 800w\" sizes=\"(max-width: 283px) 100vw, 283px\" \/><\/figure>\n\n\n\n<ul><li>Le syst\u00e8me d&rsquo;information g\u00e9ographique de la grande r\u00e9gion <a href=\"https:\/\/www.sig-gr.eu\/fr.html\">SIG-GR<\/a>.<\/li><\/ul>\n\n\n\n<figure class=\"wp-block-image size-full is-resized\"><img loading=\"lazy\" src=\"https:\/\/infogeo54.fr\/wp-content\/uploads\/2022\/11\/Sig_gr.png\" alt=\"\" class=\"wp-image-1698\" width=\"350\" height=\"167\" srcset=\"https:\/\/infogeo54.fr\/wp-content\/uploads\/2022\/11\/Sig_gr.png 268w, https:\/\/infogeo54.fr\/wp-content\/uploads\/2022\/11\/Sig_gr-100x48.png 100w\" sizes=\"(max-width: 350px) 100vw, 350px\" \/><\/figure>\n","protected":false},"excerpt":{"rendered":"<p>Infog\u00e9o54.fr est le portail cartographique du D\u00e9partement de Meurthe-et-Moselle. Que vous soyez \u00e9lu, technicien, ou un citoyen souhaitant d\u00e9couvrir la<\/p>\n","protected":false},"author":1,"featured_media":0,"parent":0,"menu_order":0,"comment_status":"closed","ping_status":"closed","template":"","meta":{"_vp_format_video_url":"","_vp_image_focal_point":[]},"_links":{"self":[{"href":"https:\/\/infogeo54.fr\/index.php?rest_route=\/wp\/v2\/pages\/6"}],"collection":[{"href":"https:\/\/infogeo54.fr\/index.php?rest_route=\/wp\/v2\/pages"}],"about":[{"href":"https:\/\/infogeo54.fr\/index.php?rest_route=\/wp\/v2\/types\/page"}],"author":[{"embeddable":true,"href":"https:\/\/infogeo54.fr\/index.php?rest_route=\/wp\/v2\/users\/1"}],"replies":[{"embeddable":true,"href":"https:\/\/infogeo54.fr\/index.php?rest_route=%2Fwp%2Fv2%2Fcomments&post=6"}],"version-history":[{"count":35,"href":"https:\/\/infogeo54.fr\/index.php?rest_route=\/wp\/v2\/pages\/6\/revisions"}],"predecessor-version":[{"id":1703,"href":"https:\/\/infogeo54.fr\/index.php?rest_route=\/wp\/v2\/pages\/6\/revisions\/1703"}],"wp:attachment":[{"href":"https:\/\/infogeo54.fr\/index.php?rest_route=%2Fwp%2Fv2%2Fmedia&parent=6"}],"curies":[{"name":"wp","href":"https:\/\/api.w.org\/{rel}","templated":true}]}}