{"id":482,"date":"2021-02-05T10:05:03","date_gmt":"2021-02-05T09:05:03","guid":{"rendered":"https:\/\/sgeol3.cg54.local\/?page_id=482"},"modified":"2025-05-12T09:24:53","modified_gmt":"2025-05-12T07:24:53","slug":"je-participe","status":"publish","type":"page","link":"https:\/\/infogeo54.fr\/?page_id=482","title":{"rendered":"Je participe !"},"content":{"rendered":"\n<div class=\"wp-block-columns\">\n<div class=\"wp-block-column\" style=\"flex-basis:66.66%\">\n<h5>Vous trouverez ici des applications participatives d&rsquo;information du citoyen, mises \u00e0 disposition par le d\u00e9partement de Meurthe-et-Moselle. Ces informations seront accessibles en OpenData et r\u00e9utilisables gratuitement. <a href=\"http:\/\/Plus d'infos\">http:\/\/Plus d&rsquo;infos<\/a><\/h5>\n\n\n\n<p><\/p>\n<\/div>\n\n\n\n<div class=\"wp-block-column\" style=\"flex-basis:33.33%\">\n<p><strong>Notre objectif,<\/strong><\/p>\n\n\n\n<p>C&rsquo;est la mise en avant d&rsquo;\u00e9quipements portant un int\u00e9r\u00eat de service public dans les domaines du tourisme de la jeunesse et du sport mais aussi notre patrimoine naturel et culturel.<\/p>\n\n\n\n<p><\/p>\n\n\n\n<p><strong>Pourquoi vous faire participer ?<\/strong><\/p>\n\n\n\n<p>Pour le d\u00e9partement, vos besoins, vos pr\u00e9occupations nous importent, c&rsquo;est pourquoi ce portail vous permet de nous faire parvenir directement vos informations.<\/p>\n<\/div>\n<\/div>\n\n\n        <div\n         class=\"wp-block-visual-portfolio\"        >\n            \n<div class=\"vp-portfolio vp-uid-15eb8014 vp-id-491 vp-portfolio__stretch\"\n    data-vp-layout=\"justified\" data-vp-content-source=\"images\" data-vp-items-style=\"emerge\" data-vp-items-click-action=\"popup_gallery\" data-vp-items-gap=\"23\" data-vp-items-gap-vertical=\"0\" data-vp-pagination=\"load-more\" data-vp-next-page-url=\"\" data-vp-justified-row-height=\"213\" data-vp-justified-row-height-tolerance=\"0\" data-vp-justified-max-rows-count=\"0\" data-vp-justified-last-row=\"left\" >\n    <div class=\"vp-portfolio__preloader-wrap\">\n        <div class=\"vp-portfolio__preloader\">\n            <img loading=\"eager\" src=\"https:\/\/infogeo54.fr\/wp-content\/plugins\/visual-portfolio\/assets\/images\/logo-dark.svg\" alt=\"Visual Portfolio, Posts &amp; Image Gallery for WordPress\" width=\"20\" height=\"20\" data-skip-lazy>\n        <\/div>\n    <\/div>\n        <div class=\"vp-portfolio__items-wrap\">\n            \n<div class=\"vp-portfolio__items vp-portfolio__items-style-emerge vp-portfolio__items-show-overlay-always vp-portfolio__items-show-img-overlay-always\">\n\n        <div        class=\"vp-portfolio__item-wrap vp-portfolio__item-uid-fb52040c\" data-vp-filter=\"\"         >\n                                    <figure class=\"vp-portfolio__item\">\n                \n<div class=\"vp-portfolio__item-img-wrap\">\n    <div class=\"vp-portfolio__item-img\">\n            <a\n        href=\"https:\/\/webcarto.infogeo54.fr\/index.php\/view\/map?repository=public&#038;project=Frelon_signalement_public\"\n            >\n    \n        <img width=\"845\" height=\"693\" src=\"https:\/\/infogeo54.fr\/wp-content\/uploads\/2021\/02\/Frelon_signalement.qgs_.png\" class=\"wp-image-2129\" alt=\"Frelon asiatique en Meurthe-&amp;-Moselle\" loading=\"lazy\" srcset=\"https:\/\/infogeo54.fr\/wp-content\/uploads\/2021\/02\/Frelon_signalement.qgs_.png 845w, https:\/\/infogeo54.fr\/wp-content\/uploads\/2021\/02\/Frelon_signalement.qgs_-300x246.png 300w, https:\/\/infogeo54.fr\/wp-content\/uploads\/2021\/02\/Frelon_signalement.qgs_-768x630.png 768w, https:\/\/infogeo54.fr\/wp-content\/uploads\/2021\/02\/Frelon_signalement.qgs_-100x82.png 100w, https:\/\/infogeo54.fr\/wp-content\/uploads\/2021\/02\/Frelon_signalement.qgs_-500x410.png 500w, https:\/\/infogeo54.fr\/wp-content\/uploads\/2021\/02\/Frelon_signalement.qgs_-700x574.png 700w, https:\/\/infogeo54.fr\/wp-content\/uploads\/2021\/02\/Frelon_signalement.qgs_-800x656.png 800w\" sizes=\"(max-width: 845px) 100vw, 845px\" \/>\n        <div class=\"vp-portfolio__item-img-overlay\"><\/div>\n\n        <\/a>    <\/div>\n<\/div>\n\n<figcaption class=\"vp-portfolio__item-overlay vp-portfolio__item-align-center\">\n            <div class=\"vp-portfolio__item-meta-wrap vp-portfolio__custom-scrollbar\">\n            <div class=\"vp-portfolio__item-meta\">\n                \n<h2 class=\"vp-portfolio__item-meta-title\">\n        <a\n        href=\"https:\/\/webcarto.infogeo54.fr\/index.php\/view\/map?repository=public&#038;project=Frelon_signalement_public\"\n            >\n    Frelon asiatique en Meurthe-&amp;-Moselle<\/a><\/h2>\n            <\/div>\n        <\/div>\n    <\/figcaption>\n            <\/figure>\n                    <\/div>\n        \n<\/div>\n        <\/div>\n        \n<\/div>\n        <\/div>\n        ","protected":false},"excerpt":{"rendered":"<p>Vous trouverez ici des applications participatives d&rsquo;information du citoyen, mises \u00e0 disposition par le d\u00e9partement de Meurthe-et-Moselle. Ces informations seront<\/p>\n","protected":false},"author":1,"featured_media":0,"parent":0,"menu_order":0,"comment_status":"closed","ping_status":"closed","template":"","meta":{"_vp_format_video_url":"","_vp_image_focal_point":[]},"_links":{"self":[{"href":"https:\/\/infogeo54.fr\/index.php?rest_route=\/wp\/v2\/pages\/482"}],"collection":[{"href":"https:\/\/infogeo54.fr\/index.php?rest_route=\/wp\/v2\/pages"}],"about":[{"href":"https:\/\/infogeo54.fr\/index.php?rest_route=\/wp\/v2\/types\/page"}],"author":[{"embeddable":true,"href":"https:\/\/infogeo54.fr\/index.php?rest_route=\/wp\/v2\/users\/1"}],"replies":[{"embeddable":true,"href":"https:\/\/infogeo54.fr\/index.php?rest_route=%2Fwp%2Fv2%2Fcomments&post=482"}],"version-history":[{"count":13,"href":"https:\/\/infogeo54.fr\/index.php?rest_route=\/wp\/v2\/pages\/482\/revisions"}],"predecessor-version":[{"id":2133,"href":"https:\/\/infogeo54.fr\/index.php?rest_route=\/wp\/v2\/pages\/482\/revisions\/2133"}],"wp:attachment":[{"href":"https:\/\/infogeo54.fr\/index.php?rest_route=%2Fwp%2Fv2%2Fmedia&parent=482"}],"curies":[{"name":"wp","href":"https:\/\/api.w.org\/{rel}","templated":true}]}}