{"id":420,"date":"2021-02-04T10:52:30","date_gmt":"2021-02-04T09:52:30","guid":{"rendered":"https:\/\/sgeol3.cg54.local\/?page_id=420"},"modified":"2022-12-05T10:11:26","modified_gmt":"2022-12-05T09:11:26","slug":"rgpd","status":"publish","type":"page","link":"https:\/\/infogeo54.fr\/?page_id=420","title":{"rendered":"Mentions l\u00e9gales"},"content":{"rendered":"\n<hr class=\"wp-block-separator\"\/>\n\n\n\n<hr class=\"wp-block-separator\"\/>\n\n\n\n<h3><strong>Identit\u00e9 du propri\u00e9taire du site<\/strong><\/h3>\n\n\n\n<ul><li><strong>Raison sociale : <\/strong>Conseil d\u00e9partemental de Meurthe-et-Moselle<\/li><li><strong>Forme juridique :<\/strong> Collectivit\u00e9 territoriale<\/li><li><strong>Identifiant SIREN : <\/strong>225 400 019 00785<\/li><li><strong>Code APE (activit\u00e9 principale exerc\u00e9e) :<\/strong> 8411Z<\/li><li><strong>Adresse postale : <\/strong>48 Esplanade Jacques Baudot, C0 900 19, 54 035 Nancy Cedex<\/li><li><strong>T\u00e9l\u00e9phone :<\/strong> +33 (0)3 83 94 54 54<\/li><\/ul>\n\n\n\n<p><\/p>\n\n\n\n<h4><strong>Directeur.ice de la publication :<\/strong><\/h4>\n\n\n\n<ul><li>Pr\u00e9sident.e du conseil d\u00e9partemental de Meurthe-et-Moselle<\/li><li><strong>T\u00e9l\u00e9phone :<\/strong> +33 (0)3 83 94 54 54<\/li><\/ul>\n\n\n\n<p><\/p>\n\n\n\n<h4><strong>Responsable de la r\u00e9daction :<\/strong><\/h4>\n\n\n\n<ul><li>P\u00f4le Syst\u00e8me d\u2019Information G\u00e9ographique<\/li><li><strong>T\u00e9l\u00e9phone : <\/strong>+33 (0)3 83 94 56 97 \/ +33 (0)3.83.94.56.84<\/li><li>Direction de la communication<\/li><li><strong>T\u00e9l\u00e9phone :<\/strong> +33 (0)3 83 94 54 99<\/li><\/ul>\n\n\n\n<p><\/p>\n\n\n\n<h3><strong>H\u00e9bergement du site<\/strong><\/h3>\n\n\n\n<ul><li>Nom de l\u2019h\u00e9bergeur : Conseil d\u00e9partemental de Meurthe-et-Moselle<\/li><li>Raison sociale : Collectivit\u00e9 territoriale<\/li><li>Adresse postale : 48 Esplanade Jacques Baudot, C0 900 19, 54 035, Nancy Cedex<\/li><li>Num\u00e9ro de t\u00e9l\u00e9phone : +33 (0)3 83 94 54 54<\/li><\/ul>\n\n\n\n<p>Vous pouvez \u00e9galement contacter le Conseil D\u00e9partemental de Meurthe-et-Moselle <a href=\"https:\/\/infogeo54.fr\/?page_id=7\">via ce formulaire<\/a>.<\/p>\n","protected":false},"excerpt":{"rendered":"<p>Identit\u00e9 du propri\u00e9taire du site Raison sociale : Conseil d\u00e9partemental de Meurthe-et-Moselle Forme juridique : Collectivit\u00e9 territoriale Identifiant SIREN :<\/p>\n","protected":false},"author":1,"featured_media":0,"parent":0,"menu_order":0,"comment_status":"closed","ping_status":"closed","template":"","meta":{"_vp_format_video_url":"","_vp_image_focal_point":[]},"_links":{"self":[{"href":"https:\/\/infogeo54.fr\/index.php?rest_route=\/wp\/v2\/pages\/420"}],"collection":[{"href":"https:\/\/infogeo54.fr\/index.php?rest_route=\/wp\/v2\/pages"}],"about":[{"href":"https:\/\/infogeo54.fr\/index.php?rest_route=\/wp\/v2\/types\/page"}],"author":[{"embeddable":true,"href":"https:\/\/infogeo54.fr\/index.php?rest_route=\/wp\/v2\/users\/1"}],"replies":[{"embeddable":true,"href":"https:\/\/infogeo54.fr\/index.php?rest_route=%2Fwp%2Fv2%2Fcomments&post=420"}],"version-history":[{"count":22,"href":"https:\/\/infogeo54.fr\/index.php?rest_route=\/wp\/v2\/pages\/420\/revisions"}],"predecessor-version":[{"id":1739,"href":"https:\/\/infogeo54.fr\/index.php?rest_route=\/wp\/v2\/pages\/420\/revisions\/1739"}],"wp:attachment":[{"href":"https:\/\/infogeo54.fr\/index.php?rest_route=%2Fwp%2Fv2%2Fmedia&parent=420"}],"curies":[{"name":"wp","href":"https:\/\/api.w.org\/{rel}","templated":true}]}}