{"id":1597,"date":"2022-04-25T11:27:45","date_gmt":"2022-04-25T09:27:45","guid":{"rendered":"https:\/\/test.infogeo54.fr\/?page_id=1597"},"modified":"2023-02-02T14:56:29","modified_gmt":"2023-02-02T13:56:29","slug":"rgpd-2","status":"publish","type":"page","link":"https:\/\/infogeo54.fr\/?page_id=1597","title":{"rendered":"Politique de confidentialit\u00e9"},"content":{"rendered":"\n<p><\/p>\n\n\n\n<h1>1. Pr\u00e9ambule<\/h1>\n\n\n\n<p>Les donn\u00e9es personnelles que vous nous confiez lorsque vous visitez notre site web sont trait\u00e9es conform\u00e9ment \u00e0<br>la loi Informatique et Libert\u00e9 du 6 janvier 1978 modifi\u00e9e et au R\u00e8glement g\u00e9n\u00e9ral sur la Protection des Donn\u00e9es<br>du 27 avril 2016, dit \u00ab RGPD \u00bb.<br>Dans une volont\u00e9 de transparence, nous vous pr\u00e9sentons notre politique de confidentialit\u00e9 qui a pour but de vous<br>informer sur les conditions dans lesquelles nous sommes amen\u00e9s \u00e0 collecter et traiter vos donn\u00e9es personnelles<br>lors de la consultation de notre site.<\/p>\n\n\n\n<h1>2. Identit\u00e9 et coordonn\u00e9es du responsable de traitements et du DPO<\/h1>\n\n\n\n<p>Le responsable de traitement de vos donn\u00e9es est le Conseil D\u00e9partemental de Meurthe-et-Moselle (ci-apr\u00e8s le<br>CD54) situ\u00e9 48, Esplanade Jacques Baudot, 54035 NANCY CEDEX<br>Soucieux de garantir la protection de vos donn\u00e9es personnelles, nous avons d\u00e9sign\u00e9 un D\u00e9l\u00e9gu\u00e9 \u00e0 la Protection<br>des donn\u00e9es \u00ab DPO \u00bb.<br>Pour toute question relative \u00e0 la gestion de vos donn\u00e9es personnelles ou \u00e0 l\u2019exercice de vos droits vous pouvez<br>joindre notre d\u00e9l\u00e9gu\u00e9 \u00e0 la protection des donn\u00e9es :<br>\u2022 par mail \u00e0 l\u2019adresse suivante <a href=\"mailto:dpo@departement54.fr\">dpo@departement54.fr<\/a><br>\u2022 par courrier : 48, Espanalde Jacques Baudot, 54035 NANCY CEDEX \u00e0 l\u2019intention du D\u00e9l\u00e9gu\u00e9 \u00e0 la<br>protection des donn\u00e9es<\/p>\n\n\n\n<h1>3. Finalit\u00e9s et bases l\u00e9gales des traitements mis en \u0153uvre<\/h1>\n\n\n\n<p>Le CD54 met en \u0153uvre diff\u00e9rents traitements qui reposent sur plusieurs fondements juridiques tels que : votre<br>consentement, une obligation l\u00e9gale ou r\u00e9glementaire \u00e0 laquelle nous serions soumis, une mission d\u2019int\u00e9r\u00eat public<br>dont nous serions investis, notre int\u00e9r\u00eat l\u00e9gitime ou l\u2019ex\u00e9cution contractuelle.<\/p>\n\n\n\n<ul><li><strong>Les traitements effectu\u00e9s sur la base de votre consentement sont r\u00e9alis\u00e9s uniquement \u00e0 des fins de :<\/strong><ul><li>Gestion des demandes de contact via nos diff\u00e9rents formulaires<\/li><li>Gestion de vos contributions aux projets cartographique du CD54<\/li><li>Gestion des cookies soumis \u00e0 votre consentement (<a href=\"https:\/\/infogeo54.fr\/?page_id=1740\">voir notre politique des cookies<\/a>)<\/li><\/ul><\/li><li><strong>Certains traitements sont n\u00e9cessaires aux fins des int\u00e9r\u00eats l\u00e9gitimes poursuivis par le CD54 :<\/strong><ul><li>Administration de la s\u00e9curit\u00e9 du site : l\u2019int\u00e9r\u00eat l\u00e9gitime \u00e9tant d\u2019assurer la s\u00e9curit\u00e9 et la fonctionnalit\u00e9 de<br>notre site internet<\/li><li>Gestion des cookies d\u00e9pos\u00e9s strictement pour la fourniture d\u2019un service, et ceux qui permettent ou<br>facilitent la communication par voie \u00e9lectronique (<a href=\"https:\/\/infogeo54.fr\/?page_id=1740\">voir notre politique des cookies<\/a>)<\/li><\/ul><\/li><li><strong>Enfin, certains traitements sont fond\u00e9s sur l\u2019ex\u00e9cution d\u2019une mission d\u2019int\u00e9r\u00eat public ou relevant de<br>l\u2019exercice de l\u2019autorit\u00e9 aux fins de : <\/strong><ul><li>Localisation des \u00e9quipements d\u00e9partementaux, r\u00e9partition de ces \u00e9quipements.<\/li><\/ul><ul><li>Gestion des comptes d\u2019acc\u00e8s utilisateurs des communes et personnes morales habilit\u00e9es par la DGFiP \u00e0<br>la matrice cadastrale du territoire de Meurthe-et-Moselle.<\/li><\/ul><\/li><\/ul>\n\n\n\n<h1>4. Cat\u00e9gories de donn\u00e9es trait\u00e9es<\/h1>\n\n\n\n<p> Nous collectons vos donn\u00e9es personnelles via plusieurs canaux : <\/p>\n\n\n\n<ul><li>Votre navigation sur notre site : la visite de notre site implique automatiquement la collecte de donn\u00e9es techniques et d\u2019identification vous concernant (adresse IP, horodatage de la visite, nature de l\u2019\u00e9quipement utilis\u00e9 lors de votre visite, navigateur utilis\u00e9, pages consult\u00e9es, etc.).<\/li><li>Nos divers formulaires : en plus de donn\u00e9es techniques, des donn\u00e9es d\u2019Etat civil, d\u2019identit\u00e9 ou d\u2019identification vous concernant sont collect\u00e9es. Des champs libres sont \u00e9galement \u00e0 votre disposition sur certains formulaires. Pour prot\u00e9ger votre vie priv\u00e9e, nous vous conseillons de ne renseigner que les informations strictement n\u00e9cessaires \u00e0 l\u2019instruction de votre demande. Des informations relatives \u00e0 votre vie personnelle ou d\u2019ordre \u00e9conomique et financier peuvent \u00e9galement vous \u00eatre demand\u00e9es via ces formulaires.<\/li><li>Votre connexion \u00e0 la matrice cadastrale : votre authentification implique automatiquement la collecte de donn\u00e9es techniques et d\u2019identification vous concernant (identifiants, date et heure de connexion et d\u00e9connexion). Votre acc\u00e8s \u00e9tant d\u00e9fini par votre employeur, des informations relatives \u00e0 votre vie professionnelle sont \u00e9galement trait\u00e9es (identit\u00e9 de l\u2019employeur, poste, coordonn\u00e9es de contact professionnelles)<\/li><\/ul>\n\n\n\n<p>La transmission de vos donn\u00e9es personnelles est obligatoire pour que le CD54 puisse vous proposer ses services.Cependant, et afin de respecter au mieux le principe de minimisation des donn\u00e9es, il peut arriver que la communication de certaines de vos donn\u00e9es personnelles soit facultative. Dans ce cas, une ast\u00e9risque mentionne les champs obligatoires. <\/p>\n\n\n\n<h1>5. La dur\u00e9e de conservation des donn\u00e9es<\/h1>\n\n\n\n<ul><li>La dur\u00e9e de validit\u00e9 de votre consentement ;<\/li><li>\u00c0 l\u2019ex\u00e9cution ou \u00e0 la pr\u00e9paration d\u2019un contrat ;<\/li><li>Des contraintes l\u00e9gales et r\u00e9glementaires, notamment en mati\u00e8re de gestion du contentieux ;<\/li><li>\u00c0 l\u2019ex\u00e9cution d\u2019une mission d\u2019int\u00e9r\u00eat public ;<\/li><li>\u00c0 la poursuite d\u2019int\u00e9r\u00eats l\u00e9gitimes du CD54.<\/li><\/ul>\n\n\n\n<p>La politique g\u00e9n\u00e9rale de conservation des donn\u00e9es du CD54 est la suivante :<\/p>\n\n\n\n<figure class=\"wp-block-table\"><table><tbody><tr><td class=\"has-text-align-center\" data-align=\"center\"><strong>Finalit\u00e9<\/strong><\/td><td class=\"has-text-align-center\" data-align=\"center\"><strong>Dur\u00e9e de conservation<\/strong><\/td><\/tr><tr><td class=\"has-text-align-center\" data-align=\"center\">Gestion des demandes de contact<\/td><td class=\"has-text-align-center\" data-align=\"center\">Le temps n\u00e9cessaire au traitement de la demande<\/td><\/tr><tr><td class=\"has-text-align-center\" data-align=\"center\">Gestion de vos contributions aux projets<br>cartographique du CD54<\/td><td class=\"has-text-align-center\" data-align=\"center\">Le temps de vous informer de la mod\u00e9ration de votre demande et vous avertir de son l&rsquo;utilit\u00e9<\/td><\/tr><tr><td class=\"has-text-align-center\" data-align=\"center\">Gestion des comptes d\u2019acc\u00e8s utilisateurs des communes<br>et personnes morales habilit\u00e9es par la DGFiP \u00e0 la<br>matrice cadastrale du territoire de Meurthe-et-Moselle<\/td><td class=\"has-text-align-center\" data-align=\"center\">6 mois<\/td><\/tr><tr><td class=\"has-text-align-center\" data-align=\"center\">Gestion des lettres d\u2019informations\/Newsletter<\/td><td class=\"has-text-align-center\" data-align=\"center\">Jusqu\u2019\u00e0 votre d\u00e9sabonnement<\/td><\/tr><tr><td class=\"has-text-align-center\" data-align=\"center\">Gestion des cookies (consentement ou int\u00e9r\u00eat l\u00e9gitime)<\/td><td class=\"has-text-align-center\" data-align=\"center\">13 mois maximum (<a href=\"https:\/\/infogeo54.fr\/?page_id=1740\">voir notre politique des cookies<\/a>)<br><\/td><\/tr><tr><td class=\"has-text-align-center\" data-align=\"center\">Administration du site (int\u00e9r\u00eat l\u00e9gitime)<\/td><td class=\"has-text-align-center\" data-align=\"center\">6 mois<\/td><\/tr><tr><td class=\"has-text-align-center\" data-align=\"center\"><\/td><td class=\"has-text-align-center\" data-align=\"center\"><\/td><\/tr><\/tbody><\/table><figcaption>Certaines donn\u00e9es peuvent \u00eatre conserv\u00e9es plus longtemps que les dur\u00e9es indiqu\u00e9es ci-dessus lorsqu\u2019elles sont<br>n\u00e9cessaires aux fins d\u2019exercice d\u2019un droit ou d\u2019une proc\u00e9dure contentieuse civile, p\u00e9nale ou administrative.<\/figcaption><\/figure>\n\n\n\n<h1>6. Les destinataires de donn\u00e9es personnelles<\/h1>\n\n\n\n<p>Seul le personnel strictement habilit\u00e9 des services internes du CD54 ont acc\u00e8s \u00e0 vos donn\u00e9es personnelles. Ces<br>acc\u00e8s sont d\u00e9finis en fonction de la finalit\u00e9 du traitement de vos donn\u00e9es.<br>Le CD54 communique vos donn\u00e9es personnelles aux tiers suivants :<\/p>\n\n\n\n<ul><li><strong>GeoNetwork<\/strong>, Outil de publication des donn\u00e9es OpenData du d\u00e9partement de Meurthe et Moselle (https:\/\/data.infogeo54.fr) pour des rapport sur les acc\u00e8s utilisateurs uniquement. Ces cookies sont anonymes (aucune information collect\u00e9e ne permet de faire le lien avec votre identit\u00e9). De plus, les cookies GeoNetwork expirent \u00e0 la fermeture de votre navigateur. Ils sont donc effac\u00e9s de votre ordinateur ou terminal quand vous quittez ce logiciel.<\/li><li><strong>OpenStreetMap<\/strong>\u00a0(<strong>OSM<\/strong>), lors de la navigation dans nos cartes. OpenStreetMap est un projet\u00a0collaboratif\u00a0de\u00a0cartographie en ligne\u00a0qui vise \u00e0 constituer une\u00a0base de donn\u00e9es\u00a0g\u00e9ographiques\u00a0libre\u00a0du monde (permettant par exemple de cr\u00e9er des\u00a0cartes\u00a0sous\u00a0licence libre), en utilisant le\u00a0syst\u00e8me GPS\u00a0et d&rsquo;autres donn\u00e9es libres. Il est mis en route en\u00a0juillet 2004\u00a0par\u00a0Steve Coast\u00a0\u00e0 l&rsquo;University College\u00a0de Londres. Il permet de reconna\u00eetre et am\u00e9liorer l&rsquo;utilisation des fonds de cartes. Nous vous mettons a disposition le lien <a rel=\"noreferrer noopener\" href=\"https:\/\/infogeo54.fr\/?page_id=1597\" target=\"_blank\">vers la politique de s\u00e9curit\u00e9:<\/a> <\/li><li>Lizmap , Outil de web cartographie du d\u00e9partement de Meurthe et Moselle, Lorsque vous vous connectez avec un identifiant et un mot de passe, une case \u00e0 cocher du formulaire propose de \u201cSe souvenir de moi\u201d. Si cette case est coch\u00e9e, alors un cookie nomm\u00e9 \u201cLizmapSession\u201d est stock\u00e9 pendant 24 heures sur votre navigateur pour conserver votre connexion active, m\u00eame si vous red\u00e9marrez le navigateur. Ce cookie est automatiquement supprim\u00e9 apr\u00e8s les 24 heures, ou si vous vous d\u00e9connectez.<\/li><\/ul>\n\n\n\n<p>Nous nous assurons de la conformit\u00e9 avec le RGPD des traitements r\u00e9alis\u00e9s par ces sous-traitants. Nous nous<br>engageons \u00e0 mettre en place les mesures n\u00e9cessaires au regard de la sensibilit\u00e9 des donn\u00e9es trait\u00e9es, pour garantir<br>leur s\u00e9curit\u00e9 et \u00e9viter, notamment, leur divulgation \u00e0 des tiers non autoris\u00e9s.<\/p>\n\n\n\n<h3>Cas sp\u00e9cifique des transferts de donn\u00e9es hors Union europ\u00e9enne<\/h3>\n\n\n\n<p>La politique du CD54 est de ne pas transf\u00e9rer de donn\u00e9es en dehors de l\u2019Union Europ\u00e9enne. Cependant,<br>l\u2019utilisation de cookies tiers est susceptible d\u2019entra\u00eener un transfert hors UE (<a href=\"https:\/\/infogeo54.fr\/?page_id=1740\">consulter la politique des cookies<\/a>).<br>Pour l\u2019ensemble des transferts de donn\u00e9es hors Union Europ\u00e9enne, le CD54 s\u2019engage \u00e0 une vigilance particuli\u00e8re<br>et \u00e0 ce qu\u2019ils soient r\u00e9alis\u00e9s dans un contexte de s\u00e9curit\u00e9 maximum.<\/p>\n\n\n\n<h1>7. S\u00e9curit\u00e9<\/h1>\n\n\n\n<p>En application de la l\u00e9gislation et de la r\u00e9glementation en vigueur, le CD54 et ses \u00e9ventuels sous-traitants<br>s\u2019engagent \u00e0 pr\u00e9server confidentialit\u00e9, la disponibilit\u00e9 et l\u2019int\u00e9grit\u00e9 de vos donn\u00e9es personnelles en s\u2019engageant \u00e0<br>mettre en \u0153uvre toutes les mesures techniques et organisationnelles n\u00e9cessaires.<\/p>\n\n\n\n<h1>8. L\u2019exercice de vos droits<\/h1>\n\n\n\n<p>Conform\u00e9ment \u00e0 la l\u00e9gislation et la r\u00e9glementation en vigueur, vous disposez des droits suivants :<\/p>\n\n\n\n<ul><li>Le droit d\u2019acc\u00e9der \u00e0 tout moment \u00e0 vos donn\u00e9es (article 15 du RGPD)<\/li><li>Le droit de rectifier, mettre \u00e0 jour ou compl\u00e9ter vos donn\u00e9es (article 16 du RGPD)<\/li><li>Le droit d\u2019exiger l\u2019effacement de vos donn\u00e9es (article 17 du RGPD)<\/li><li>Le droit de retirer \u00e0 tout moment votre consentement (article 13-2 c du RGPD)<\/li><li>Le droit \u00e0 la limitation du traitement de vos donn\u00e9es (article 18 du RGPD)<\/li><li>Le droit de vous opposer au traitement de vos donn\u00e9es (article 21 du RGPD)<\/li><li>Le droit \u00e0 la portabilit\u00e9 de vos donn\u00e9es, lorsqu\u2019elles font l\u2019objet d\u2019un traitement automatis\u00e9 (article 20 du RGPD)<\/li><li>Le droit de ne pas faire l\u2019objet d\u2019une d\u00e9cision individuelle enti\u00e8rement automatis\u00e9e (article 22 du RGPD)<\/li><\/ul>\n\n\n\n<h2>Pour exercer ces droits, vous pouvez contacter notre d\u00e9l\u00e9gu\u00e9 \u00e0 la protection des donn\u00e9es (DPO).<\/h2>\n\n\n\n<ul><li>Par courriel : <a href=\"mailto:dpo@departement54.fr\">dpo@departement54.fr<\/a><\/li><li>Par courrier : 48, Esplanade Jacques Baudot, 54035 NANCY CEDEX \u00e0 l\u2019intention du D\u00e9l\u00e9gu\u00e9 \u00e0 la protection des donn\u00e9es<\/li><\/ul>\n\n\n\n<p>En cas de difficult\u00e9s li\u00e9es \u00e0 la gestion de vos donn\u00e9es ou de l\u2019exercice de vos droits, vous avez la possibilit\u00e9<br>d&rsquo;introduire une r\u00e9clamation aupr\u00e8s de la CNIL : site internet : (<a href=\"https:\/\/www.cnil.fr\/fr\/plaintes\">https:\/\/www.cnil.fr\/fr\/plaintes<\/a>).<\/p>\n\n\n\n<p><\/p>\n\n\n\n<hr class=\"wp-block-separator\"\/>\n\n\n\n<p><\/p>\n","protected":false},"excerpt":{"rendered":"<p>1. Pr\u00e9ambule Les donn\u00e9es personnelles que vous nous confiez lorsque vous visitez notre site web sont trait\u00e9es conform\u00e9ment \u00e0la loi<\/p>\n","protected":false},"author":1,"featured_media":0,"parent":0,"menu_order":0,"comment_status":"closed","ping_status":"closed","template":"","meta":{"_vp_format_video_url":"","_vp_image_focal_point":[]},"_links":{"self":[{"href":"https:\/\/infogeo54.fr\/index.php?rest_route=\/wp\/v2\/pages\/1597"}],"collection":[{"href":"https:\/\/infogeo54.fr\/index.php?rest_route=\/wp\/v2\/pages"}],"about":[{"href":"https:\/\/infogeo54.fr\/index.php?rest_route=\/wp\/v2\/types\/page"}],"author":[{"embeddable":true,"href":"https:\/\/infogeo54.fr\/index.php?rest_route=\/wp\/v2\/users\/1"}],"replies":[{"embeddable":true,"href":"https:\/\/infogeo54.fr\/index.php?rest_route=%2Fwp%2Fv2%2Fcomments&post=1597"}],"version-history":[{"count":57,"href":"https:\/\/infogeo54.fr\/index.php?rest_route=\/wp\/v2\/pages\/1597\/revisions"}],"predecessor-version":[{"id":1825,"href":"https:\/\/infogeo54.fr\/index.php?rest_route=\/wp\/v2\/pages\/1597\/revisions\/1825"}],"wp:attachment":[{"href":"https:\/\/infogeo54.fr\/index.php?rest_route=%2Fwp%2Fv2%2Fmedia&parent=1597"}],"curies":[{"name":"wp","href":"https:\/\/api.w.org\/{rel}","templated":true}]}}