{"id":1396,"date":"2022-01-27T16:55:53","date_gmt":"2022-01-27T15:55:53","guid":{"rendered":"https:\/\/test.infogeo54.fr\/?page_id=1396"},"modified":"2024-04-15T17:30:45","modified_gmt":"2024-04-15T15:30:45","slug":"test-cadastre","status":"publish","type":"page","link":"https:\/\/infogeo54.fr\/?page_id=1396","title":{"rendered":"Consulter le cadastre"},"content":{"rendered":"<div id=\"pl-1396\"  class=\"panel-layout\" ><div id=\"pg-1396-0\"  class=\"panel-grid panel-has-style\" ><div class=\"siteorigin-panels-stretch panel-row-style panel-row-style-for-1396-0\" data-stretch-type=\"full\" ><div id=\"pgc-1396-0-0\"  class=\"panel-grid-cell\" ><div id=\"panel-1396-0-0-0\" class=\"so-panel widget widget_text panel-first-child panel-last-child\" data-index=\"0\" >\t\t\t<div class=\"textwidget\"><p><strong>Le D\u00e9partement de Meurthe et Moselle<\/strong> a enti\u00e8rement fait num\u00e9riser le cadastre de ces <strong>592 communes<\/strong>, en collaboration avec les services de la <strong>DGFIP<\/strong>. Il en fait maintenant b\u00e9n\u00e9ficier ces administr\u00e9s. C&rsquo;est pourquoi vous pouvez consulter les informations parcellaires au travers de cette interface.<\/p>\n<\/div>\n\t\t<\/div><\/div><div id=\"pgc-1396-0-1\"  class=\"panel-grid-cell\" ><div id=\"panel-1396-0-1-0\" class=\"so-panel widget widget_sow-button panel-first-child panel-last-child\" data-index=\"1\" ><div\n\t\t\t\n\t\t\tclass=\"so-widget-sow-button so-widget-sow-button-atom-ab5a49fe46e1-1396\"\n\t\t\t\n\t\t><div class=\"ow-button-base ow-button-align-center\"\n>\n\t\t\t<a\n\t\t\t\t\thref=\"https:\/\/webcarto.infogeo54.fr\/index.php\/view\/map?repository=cadastre&#038;project=cadastre\"\n\t\t\t\t\tclass=\"sowb-button ow-icon-placement-left ow-button-hover\" target=\"_blank\" rel=\"noopener noreferrer\" \t>\n\t\t<span>\n\t\t\t<span class=\"sow-icon-fontawesome sow-far\" data-sow-icon=\"&#xf14d;\"\n\t\tstyle=\"color: #000000\" \n\t\taria-hidden=\"true\"><\/span>\n\t\t\tCarte en plein \u00e9cran\t\t<\/span>\n\t\t\t<\/a>\n\t<\/div>\n<\/div><\/div><\/div><\/div><\/div><div id=\"pg-1396-1\"  class=\"panel-grid panel-has-style\" ><div class=\"siteorigin-panels-stretch panel-row-style panel-row-style-for-1396-1\" data-stretch-type=\"full-stretched\" ><div id=\"pgc-1396-1-0\"  class=\"panel-grid-cell\" ><div id=\"panel-1396-1-0-0\" class=\"widget_text so-panel widget widget_custom_html panel-first-child panel-last-child\" data-index=\"2\" ><div class=\"textwidget custom-html-widget\"><iframe src=\"https:\/\/webcarto.infogeo54.fr\/index.php\/view\/map?repository=cadastre&project=cadastre\" width=\"100%\" height=\"1500px\" margin-left=\"30px\"><\/iframe><\/div><\/div><\/div><\/div><\/div><\/div>","protected":false},"excerpt":{"rendered":"<p>Le D\u00e9partement de Meurthe et Moselle a enti\u00e8rement fait num\u00e9riser le cadastre de ces 592 communes, en collaboration avec les<\/p>\n","protected":false},"author":1,"featured_media":0,"parent":0,"menu_order":0,"comment_status":"closed","ping_status":"closed","template":"","meta":{"_vp_format_video_url":"","_vp_image_focal_point":[]},"_links":{"self":[{"href":"https:\/\/infogeo54.fr\/index.php?rest_route=\/wp\/v2\/pages\/1396"}],"collection":[{"href":"https:\/\/infogeo54.fr\/index.php?rest_route=\/wp\/v2\/pages"}],"about":[{"href":"https:\/\/infogeo54.fr\/index.php?rest_route=\/wp\/v2\/types\/page"}],"author":[{"embeddable":true,"href":"https:\/\/infogeo54.fr\/index.php?rest_route=\/wp\/v2\/users\/1"}],"replies":[{"embeddable":true,"href":"https:\/\/infogeo54.fr\/index.php?rest_route=%2Fwp%2Fv2%2Fcomments&post=1396"}],"version-history":[{"count":33,"href":"https:\/\/infogeo54.fr\/index.php?rest_route=\/wp\/v2\/pages\/1396\/revisions"}],"predecessor-version":[{"id":1976,"href":"https:\/\/infogeo54.fr\/index.php?rest_route=\/wp\/v2\/pages\/1396\/revisions\/1976"}],"wp:attachment":[{"href":"https:\/\/infogeo54.fr\/index.php?rest_route=%2Fwp%2Fv2%2Fmedia&parent=1396"}],"curies":[{"name":"wp","href":"https:\/\/api.w.org\/{rel}","templated":true}]}}